{"id":272,"date":"2019-10-03T19:41:45","date_gmt":"2019-10-03T17:41:45","guid":{"rendered":"http:\/\/localhost\/wordpress\/?page_id=272"},"modified":"2020-03-31T20:18:02","modified_gmt":"2020-03-31T18:18:02","slug":"refraktion","status":"publish","type":"page","link":"https:\/\/brillen-naber.de\/?page_id=272","title":{"rendered":"Refraktionsraum"},"content":{"rendered":"<p>Mit modernsten Messmethoden m\u00f6chten wir Ihnen die bestm\u00f6gliche Sehqualit\u00e4t und eine damit hohe Lebensqualit\u00e4t bieten. Ihre individuelle Sehst\u00e4rke ermitteln wir sowohl mit modernen Messger\u00e4ten als auch konventioneller Refraktionsmethoden. Wir bitten Sie um eine vorhergehende Terminvereinbarung unter Telefon 05631 &#8211; 3171, um uns f\u00fcr Ihre individuellen Probleme ausreichend Zeit nehmen zu k\u00f6nnen.<\/p>\n<p style=\"text-align: center;\"><img fetchpriority=\"high\" decoding=\"async\" src=\"https:\/\/brillen-naber.de\/wp-content\/uploads\/2019\/10\/IMG_E0787_kleiner-225x300.jpg\" alt=\"\" class=\"alignnone wp-image-282 size-medium\" width=\"225\" height=\"300\" \/> <img decoding=\"async\" src=\"https:\/\/brillen-naber.de\/wp-content\/uploads\/2019\/10\/IMG_E0792_kleiner-300x225.jpg\" alt=\"\" class=\"alignnone wp-image-281 size-medium\" width=\"300\" height=\"225\" \/><\/p>\n","protected":false},"excerpt":{"rendered":"<p>Mit modernsten Messmethoden m\u00f6chten wir Ihnen die bestm\u00f6gliche Sehqualit\u00e4t und eine damit hohe Lebensqualit\u00e4t bieten. Ihre individuelle Sehst\u00e4rke ermitteln wir sowohl mit modernen Messger\u00e4ten als auch konventioneller Refraktionsmethoden. Wir bitten Sie um eine vorhergehende Terminvereinbarung unter Telefon 05631 &#8211; 3171, um uns f\u00fcr Ihre individuellen Probleme ausreichend Zeit nehmen zu [&hellip;]<\/p>\n","protected":false},"author":2,"featured_media":451,"parent":0,"menu_order":0,"comment_status":"closed","ping_status":"closed","template":"","meta":{"footnotes":""},"class_list":["post-272","page","type-page","status-publish","has-post-thumbnail","hentry"],"_links":{"self":[{"href":"https:\/\/brillen-naber.de\/index.php?rest_route=\/wp\/v2\/pages\/272","targetHints":{"allow":["GET"]}}],"collection":[{"href":"https:\/\/brillen-naber.de\/index.php?rest_route=\/wp\/v2\/pages"}],"about":[{"href":"https:\/\/brillen-naber.de\/index.php?rest_route=\/wp\/v2\/types\/page"}],"author":[{"embeddable":true,"href":"https:\/\/brillen-naber.de\/index.php?rest_route=\/wp\/v2\/users\/2"}],"replies":[{"embeddable":true,"href":"https:\/\/brillen-naber.de\/index.php?rest_route=%2Fwp%2Fv2%2Fcomments&post=272"}],"version-history":[{"count":9,"href":"https:\/\/brillen-naber.de\/index.php?rest_route=\/wp\/v2\/pages\/272\/revisions"}],"predecessor-version":[{"id":428,"href":"https:\/\/brillen-naber.de\/index.php?rest_route=\/wp\/v2\/pages\/272\/revisions\/428"}],"wp:featuredmedia":[{"embeddable":true,"href":"https:\/\/brillen-naber.de\/index.php?rest_route=\/wp\/v2\/media\/451"}],"wp:attachment":[{"href":"https:\/\/brillen-naber.de\/index.php?rest_route=%2Fwp%2Fv2%2Fmedia&parent=272"}],"curies":[{"name":"wp","href":"https:\/\/api.w.org\/{rel}","templated":true}]}}