{"id":136,"date":"2019-10-02T18:49:06","date_gmt":"2019-10-02T16:49:06","guid":{"rendered":"http:\/\/localhost\/wordpress\/?page_id=136"},"modified":"2020-09-23T17:01:30","modified_gmt":"2020-09-23T15:01:30","slug":"werkstatt","status":"publish","type":"page","link":"https:\/\/brillen-naber.de\/?page_id=136","title":{"rendered":"Werkstatt"},"content":{"rendered":"<p>Unsere Werkstatt ist mit modernsten CNC-Fr\u00e4sautomaten der Firmen HUVITZ und WECO ausgestattet, mit denen wir Ihre individuellen Brillengl\u00e4ser jederzeit in Ihre bereits vorhandene oder eine neue Brillenfassung verglasen k\u00f6nnen.<br \/>\nAuf Grund dieser Tatsache entfallen lange \u00dcbergangszeiten, in denen Sie auf Ihre Brille verzichten m\u00fcssen.<\/p>\n<p>Schwei\u00dfungen, L\u00f6tungen und andere Reparaturen Ihrer Brillenfassungen k\u00f6nnen wir mit unserer umfangreichen Werkstattausstattung jederzeit professionell f\u00fcr Sie erledigen.<\/p>\n","protected":false},"excerpt":{"rendered":"<p>Unsere Werkstatt ist mit modernsten CNC-Fr\u00e4sautomaten der Firmen HUVITZ und WECO ausgestattet, mit denen wir Ihre individuellen Brillengl\u00e4ser jederzeit in Ihre bereits vorhandene oder eine neue Brillenfassung verglasen k\u00f6nnen. Auf Grund dieser Tatsache entfallen lange \u00dcbergangszeiten, in denen Sie auf Ihre Brille verzichten m\u00fcssen. Schwei\u00dfungen, L\u00f6tungen und andere Reparaturen Ihrer [&hellip;]<\/p>\n","protected":false},"author":2,"featured_media":451,"parent":0,"menu_order":0,"comment_status":"closed","ping_status":"closed","template":"","meta":{"footnotes":""},"class_list":["post-136","page","type-page","status-publish","has-post-thumbnail","hentry"],"_links":{"self":[{"href":"https:\/\/brillen-naber.de\/index.php?rest_route=\/wp\/v2\/pages\/136","targetHints":{"allow":["GET"]}}],"collection":[{"href":"https:\/\/brillen-naber.de\/index.php?rest_route=\/wp\/v2\/pages"}],"about":[{"href":"https:\/\/brillen-naber.de\/index.php?rest_route=\/wp\/v2\/types\/page"}],"author":[{"embeddable":true,"href":"https:\/\/brillen-naber.de\/index.php?rest_route=\/wp\/v2\/users\/2"}],"replies":[{"embeddable":true,"href":"https:\/\/brillen-naber.de\/index.php?rest_route=%2Fwp%2Fv2%2Fcomments&post=136"}],"version-history":[{"count":2,"href":"https:\/\/brillen-naber.de\/index.php?rest_route=\/wp\/v2\/pages\/136\/revisions"}],"predecessor-version":[{"id":475,"href":"https:\/\/brillen-naber.de\/index.php?rest_route=\/wp\/v2\/pages\/136\/revisions\/475"}],"wp:featuredmedia":[{"embeddable":true,"href":"https:\/\/brillen-naber.de\/index.php?rest_route=\/wp\/v2\/media\/451"}],"wp:attachment":[{"href":"https:\/\/brillen-naber.de\/index.php?rest_route=%2Fwp%2Fv2%2Fmedia&parent=136"}],"curies":[{"name":"wp","href":"https:\/\/api.w.org\/{rel}","templated":true}]}}