{"id":134,"date":"2019-10-02T18:48:19","date_gmt":"2019-10-02T16:48:19","guid":{"rendered":"http:\/\/localhost\/wordpress\/?page_id=134"},"modified":"2020-09-23T17:02:36","modified_gmt":"2020-09-23T15:02:36","slug":"ausstattung","status":"publish","type":"page","link":"https:\/\/brillen-naber.de\/?page_id=134","title":{"rendered":"Unser Laden"},"content":{"rendered":"<p>CNC-Fr\u00e4sautomat der Firma WECO<br \/>\nCNC-Fr\u00e4sautomat der Firma HUVITZ<br \/>\nAutorefraktionsger\u00e4te f\u00fcr objektive Augenglasbestimmungen<br \/>\nVisureal Zentriersystem zur Brillenanpassung<br \/>\nOculus Pentacam Topographiesystem f\u00fcr optimale Kontaktlinsenanpassung<br \/>\nWellenfront Refraktometer<br \/>\nMultivisus Sehpr\u00fcfsystem<br \/>\nFundus Kamera<br \/>\nZeiss Spaltlampe zur Betrachtung des vorderen Augenabschnittes<br \/>\nNon-Contact-Tonometer zur Messung des Augeninnendrucks<\/p>\n","protected":false},"excerpt":{"rendered":"<p>CNC-Fr\u00e4sautomat der Firma WECO CNC-Fr\u00e4sautomat der Firma HUVITZ Autorefraktionsger\u00e4te f\u00fcr objektive Augenglasbestimmungen Visureal Zentriersystem zur Brillenanpassung Oculus Pentacam Topographiesystem f\u00fcr optimale Kontaktlinsenanpassung Wellenfront Refraktometer Multivisus Sehpr\u00fcfsystem Fundus Kamera Zeiss Spaltlampe zur Betrachtung des vorderen Augenabschnittes Non-Contact-Tonometer zur Messung des Augeninnendrucks<\/p>\n","protected":false},"author":2,"featured_media":451,"parent":0,"menu_order":0,"comment_status":"closed","ping_status":"closed","template":"","meta":{"footnotes":""},"class_list":["post-134","page","type-page","status-publish","has-post-thumbnail","hentry"],"_links":{"self":[{"href":"https:\/\/brillen-naber.de\/index.php?rest_route=\/wp\/v2\/pages\/134","targetHints":{"allow":["GET"]}}],"collection":[{"href":"https:\/\/brillen-naber.de\/index.php?rest_route=\/wp\/v2\/pages"}],"about":[{"href":"https:\/\/brillen-naber.de\/index.php?rest_route=\/wp\/v2\/types\/page"}],"author":[{"embeddable":true,"href":"https:\/\/brillen-naber.de\/index.php?rest_route=\/wp\/v2\/users\/2"}],"replies":[{"embeddable":true,"href":"https:\/\/brillen-naber.de\/index.php?rest_route=%2Fwp%2Fv2%2Fcomments&post=134"}],"version-history":[{"count":2,"href":"https:\/\/brillen-naber.de\/index.php?rest_route=\/wp\/v2\/pages\/134\/revisions"}],"predecessor-version":[{"id":270,"href":"https:\/\/brillen-naber.de\/index.php?rest_route=\/wp\/v2\/pages\/134\/revisions\/270"}],"wp:featuredmedia":[{"embeddable":true,"href":"https:\/\/brillen-naber.de\/index.php?rest_route=\/wp\/v2\/media\/451"}],"wp:attachment":[{"href":"https:\/\/brillen-naber.de\/index.php?rest_route=%2Fwp%2Fv2%2Fmedia&parent=134"}],"curies":[{"name":"wp","href":"https:\/\/api.w.org\/{rel}","templated":true}]}}