{"id":132,"date":"2019-10-02T18:47:20","date_gmt":"2019-10-02T16:47:20","guid":{"rendered":"http:\/\/localhost\/wordpress\/?page_id=132"},"modified":"2019-10-03T19:45:38","modified_gmt":"2019-10-03T17:45:38","slug":"komplettangebote","status":"publish","type":"page","link":"https:\/\/brillen-naber.de\/?page_id=132","title":{"rendered":"Unser Portfolio"},"content":{"rendered":"<p>Unsere Komplettangebote, die wir f\u00fcr Sie als Flyer den \u00f6rtlichen Zeitungen beigelt haben, zeigen Ihnen kosteng\u00fcnstige Alternativen auf. So kann sich jeder in Zeiten, in der eine Brille nicht nur den Zweck eines besseren Sehens, sondern auch einen zunehmend modischen Aspekt hat, auch weitere Brillen leisten, um sein modisches Auftreten zu unterstreichen.<\/p>\n","protected":false},"excerpt":{"rendered":"<p>Unsere Komplettangebote, die wir f\u00fcr Sie als Flyer den \u00f6rtlichen Zeitungen beigelt haben, zeigen Ihnen kosteng\u00fcnstige Alternativen auf. So kann sich jeder in Zeiten, in der eine Brille nicht nur den Zweck eines besseren Sehens, sondern auch einen zunehmend modischen Aspekt hat, auch weitere Brillen leisten, um sein modisches Auftreten [&hellip;]<\/p>\n","protected":false},"author":2,"featured_media":0,"parent":0,"menu_order":0,"comment_status":"closed","ping_status":"closed","template":"","meta":{"footnotes":""},"class_list":["post-132","page","type-page","status-publish","hentry"],"_links":{"self":[{"href":"https:\/\/brillen-naber.de\/index.php?rest_route=\/wp\/v2\/pages\/132","targetHints":{"allow":["GET"]}}],"collection":[{"href":"https:\/\/brillen-naber.de\/index.php?rest_route=\/wp\/v2\/pages"}],"about":[{"href":"https:\/\/brillen-naber.de\/index.php?rest_route=\/wp\/v2\/types\/page"}],"author":[{"embeddable":true,"href":"https:\/\/brillen-naber.de\/index.php?rest_route=\/wp\/v2\/users\/2"}],"replies":[{"embeddable":true,"href":"https:\/\/brillen-naber.de\/index.php?rest_route=%2Fwp%2Fv2%2Fcomments&post=132"}],"version-history":[{"count":3,"href":"https:\/\/brillen-naber.de\/index.php?rest_route=\/wp\/v2\/pages\/132\/revisions"}],"predecessor-version":[{"id":276,"href":"https:\/\/brillen-naber.de\/index.php?rest_route=\/wp\/v2\/pages\/132\/revisions\/276"}],"wp:attachment":[{"href":"https:\/\/brillen-naber.de\/index.php?rest_route=%2Fwp%2Fv2%2Fmedia&parent=132"}],"curies":[{"name":"wp","href":"https:\/\/api.w.org\/{rel}","templated":true}]}}