{"id":128,"date":"2019-10-02T18:44:45","date_gmt":"2019-10-02T16:44:45","guid":{"rendered":"http:\/\/localhost\/wordpress\/?page_id=128"},"modified":"2020-03-31T20:16:14","modified_gmt":"2020-03-31T18:16:14","slug":"formstabile-kontaktlinsen","status":"publish","type":"page","link":"https:\/\/brillen-naber.de\/?page_id=128","title":{"rendered":"Formstabile Kontaktlinsen"},"content":{"rendered":"<p>Gerne informieren wir Sie \u00fcber formstabile Kontaktlinsen, die eine ebenfalls sehr vertr\u00e4gliche und gesunde Alternative zu allen weichen Kontaktlinsen sind, auch bei schwierigsten Augen gut anwendbar sind und eine bestm\u00f6gliche optische Abbildung und einen damit sehr hohen Sehkomfort bieten. Um genaueste Anpassungen vornehmen zu k\u00f6nnen, sind wir mit hochmodernen Ger\u00e4ten wie dem Oculus Pentacam Topographiesystem bestm\u00f6glichst ausgestattet.<\/p>\n","protected":false},"excerpt":{"rendered":"<p>Gerne informieren wir Sie \u00fcber formstabile Kontaktlinsen, die eine ebenfalls sehr vertr\u00e4gliche und gesunde Alternative zu allen weichen Kontaktlinsen sind, auch bei schwierigsten Augen gut anwendbar sind und eine bestm\u00f6gliche optische Abbildung und einen damit sehr hohen Sehkomfort bieten. Um genaueste Anpassungen vornehmen zu k\u00f6nnen, sind wir mit hochmodernen Ger\u00e4ten [&hellip;]<\/p>\n","protected":false},"author":2,"featured_media":451,"parent":0,"menu_order":0,"comment_status":"closed","ping_status":"closed","template":"","meta":{"footnotes":""},"class_list":["post-128","page","type-page","status-publish","has-post-thumbnail","hentry"],"_links":{"self":[{"href":"https:\/\/brillen-naber.de\/index.php?rest_route=\/wp\/v2\/pages\/128","targetHints":{"allow":["GET"]}}],"collection":[{"href":"https:\/\/brillen-naber.de\/index.php?rest_route=\/wp\/v2\/pages"}],"about":[{"href":"https:\/\/brillen-naber.de\/index.php?rest_route=\/wp\/v2\/types\/page"}],"author":[{"embeddable":true,"href":"https:\/\/brillen-naber.de\/index.php?rest_route=\/wp\/v2\/users\/2"}],"replies":[{"embeddable":true,"href":"https:\/\/brillen-naber.de\/index.php?rest_route=%2Fwp%2Fv2%2Fcomments&post=128"}],"version-history":[{"count":1,"href":"https:\/\/brillen-naber.de\/index.php?rest_route=\/wp\/v2\/pages\/128\/revisions"}],"predecessor-version":[{"id":129,"href":"https:\/\/brillen-naber.de\/index.php?rest_route=\/wp\/v2\/pages\/128\/revisions\/129"}],"wp:featuredmedia":[{"embeddable":true,"href":"https:\/\/brillen-naber.de\/index.php?rest_route=\/wp\/v2\/media\/451"}],"wp:attachment":[{"href":"https:\/\/brillen-naber.de\/index.php?rest_route=%2Fwp%2Fv2%2Fmedia&parent=128"}],"curies":[{"name":"wp","href":"https:\/\/api.w.org\/{rel}","templated":true}]}}