{"id":126,"date":"2019-10-02T18:44:21","date_gmt":"2019-10-02T16:44:21","guid":{"rendered":"http:\/\/localhost\/wordpress\/?page_id=126"},"modified":"2020-03-31T20:16:28","modified_gmt":"2020-03-31T18:16:28","slug":"jahreslinsen","status":"publish","type":"page","link":"https:\/\/brillen-naber.de\/?page_id=126","title":{"rendered":"Jahreslinsen"},"content":{"rendered":"<p>Besondere Anspr\u00fcche k\u00f6nnen alternativ mit Jahreslinsen, die speziell und individuell f\u00fcr Sie gefertigt werden, erf\u00fcllt werden.<\/p>\n","protected":false},"excerpt":{"rendered":"<p>Besondere Anspr\u00fcche k\u00f6nnen alternativ mit Jahreslinsen, die speziell und individuell f\u00fcr Sie gefertigt werden, erf\u00fcllt werden.<\/p>\n","protected":false},"author":2,"featured_media":451,"parent":0,"menu_order":0,"comment_status":"closed","ping_status":"closed","template":"","meta":{"footnotes":""},"class_list":["post-126","page","type-page","status-publish","has-post-thumbnail","hentry"],"_links":{"self":[{"href":"https:\/\/brillen-naber.de\/index.php?rest_route=\/wp\/v2\/pages\/126","targetHints":{"allow":["GET"]}}],"collection":[{"href":"https:\/\/brillen-naber.de\/index.php?rest_route=\/wp\/v2\/pages"}],"about":[{"href":"https:\/\/brillen-naber.de\/index.php?rest_route=\/wp\/v2\/types\/page"}],"author":[{"embeddable":true,"href":"https:\/\/brillen-naber.de\/index.php?rest_route=\/wp\/v2\/users\/2"}],"replies":[{"embeddable":true,"href":"https:\/\/brillen-naber.de\/index.php?rest_route=%2Fwp%2Fv2%2Fcomments&post=126"}],"version-history":[{"count":1,"href":"https:\/\/brillen-naber.de\/index.php?rest_route=\/wp\/v2\/pages\/126\/revisions"}],"predecessor-version":[{"id":127,"href":"https:\/\/brillen-naber.de\/index.php?rest_route=\/wp\/v2\/pages\/126\/revisions\/127"}],"wp:featuredmedia":[{"embeddable":true,"href":"https:\/\/brillen-naber.de\/index.php?rest_route=\/wp\/v2\/media\/451"}],"wp:attachment":[{"href":"https:\/\/brillen-naber.de\/index.php?rest_route=%2Fwp%2Fv2%2Fmedia&parent=126"}],"curies":[{"name":"wp","href":"https:\/\/api.w.org\/{rel}","templated":true}]}}