{"id":122,"date":"2019-10-02T18:43:31","date_gmt":"2019-10-02T16:43:31","guid":{"rendered":"http:\/\/localhost\/wordpress\/?page_id=122"},"modified":"2020-03-31T20:16:53","modified_gmt":"2020-03-31T18:16:53","slug":"kontaktlinsen","status":"publish","type":"page","link":"https:\/\/brillen-naber.de\/?page_id=122","title":{"rendered":"Kontaktlinsen"},"content":{"rendered":"<p>Kontaktlinsen sind eine gute Alternative zur Brille. Besonders Kunden mit hohen Sehst\u00e4rken und Kunden, die sportlichen Aktivit\u00e4ten nachgehen, bei denen das Tragen der Brille hinderlich ist, k\u00f6nnen wir mit unserem umfangreichen Sortiment an weichen und formstabilen Kontaktlinsen eine gro\u00dfe Auswahl bieten.<\/p>\n","protected":false},"excerpt":{"rendered":"<p>Kontaktlinsen sind eine gute Alternative zur Brille. Besonders Kunden mit hohen Sehst\u00e4rken und Kunden, die sportlichen Aktivit\u00e4ten nachgehen, bei denen das Tragen der Brille hinderlich ist, k\u00f6nnen wir mit unserem umfangreichen Sortiment an weichen und formstabilen Kontaktlinsen eine gro\u00dfe Auswahl bieten.<\/p>\n","protected":false},"author":2,"featured_media":451,"parent":0,"menu_order":0,"comment_status":"closed","ping_status":"closed","template":"","meta":{"footnotes":""},"class_list":["post-122","page","type-page","status-publish","has-post-thumbnail","hentry"],"_links":{"self":[{"href":"https:\/\/brillen-naber.de\/index.php?rest_route=\/wp\/v2\/pages\/122","targetHints":{"allow":["GET"]}}],"collection":[{"href":"https:\/\/brillen-naber.de\/index.php?rest_route=\/wp\/v2\/pages"}],"about":[{"href":"https:\/\/brillen-naber.de\/index.php?rest_route=\/wp\/v2\/types\/page"}],"author":[{"embeddable":true,"href":"https:\/\/brillen-naber.de\/index.php?rest_route=\/wp\/v2\/users\/2"}],"replies":[{"embeddable":true,"href":"https:\/\/brillen-naber.de\/index.php?rest_route=%2Fwp%2Fv2%2Fcomments&post=122"}],"version-history":[{"count":1,"href":"https:\/\/brillen-naber.de\/index.php?rest_route=\/wp\/v2\/pages\/122\/revisions"}],"predecessor-version":[{"id":123,"href":"https:\/\/brillen-naber.de\/index.php?rest_route=\/wp\/v2\/pages\/122\/revisions\/123"}],"wp:featuredmedia":[{"embeddable":true,"href":"https:\/\/brillen-naber.de\/index.php?rest_route=\/wp\/v2\/media\/451"}],"wp:attachment":[{"href":"https:\/\/brillen-naber.de\/index.php?rest_route=%2Fwp%2Fv2%2Fmedia&parent=122"}],"curies":[{"name":"wp","href":"https:\/\/api.w.org\/{rel}","templated":true}]}}