{"id":120,"date":"2019-10-02T18:43:11","date_gmt":"2019-10-02T16:43:11","guid":{"rendered":"http:\/\/localhost\/wordpress\/?page_id=120"},"modified":"2025-02-17T21:13:42","modified_gmt":"2025-02-17T20:13:42","slug":"lowvision","status":"publish","type":"page","link":"https:\/\/brillen-naber.de\/?page_id=120","title":{"rendered":"Lowvision"},"content":{"rendered":"<p>Da die Zahlen der Augenerkrankungen vor allem im Alter zunehmen, stehen wir Ihnen gerne mit einem umfangreichen Sortiment an Lupen, Bildschirmleseger\u00e4ten und anderen vergr\u00f6\u00dfernden Sehhilfen zur Seite, um Ihnen auch bei sehr schwachen Sehleistungen bestm\u00f6gliches Sehen erm\u00f6glichen zu k\u00f6nnen.<br \/>\nBei Interesse machen Sie gerne per Telefon 05631 &#8211; 3171 einen Termin mit uns aus, damit wir unter Aufsicht die Handhabung und den Umgang mit Linsen besprechen und alle auftretenden Unsicherheiten kl\u00e4ren k\u00f6nnen.<\/p>\n<p><a href=\"https:\/\/brillen-naber.de\/wp-content\/uploads\/2025\/02\/IMG-20250214-WA0016-scaled.jpg\"><img fetchpriority=\"high\" decoding=\"async\" src=\"https:\/\/brillen-naber.de\/wp-content\/uploads\/2025\/02\/IMG-20250214-WA0016-815x1024.jpg\" alt=\"\" width=\"750\" height=\"942\" class=\"alignnone size-large wp-image-631\" srcset=\"https:\/\/brillen-naber.de\/wp-content\/uploads\/2025\/02\/IMG-20250214-WA0016-815x1024.jpg 815w, https:\/\/brillen-naber.de\/wp-content\/uploads\/2025\/02\/IMG-20250214-WA0016-239x300.jpg 239w, https:\/\/brillen-naber.de\/wp-content\/uploads\/2025\/02\/IMG-20250214-WA0016-768x965.jpg 768w, https:\/\/brillen-naber.de\/wp-content\/uploads\/2025\/02\/IMG-20250214-WA0016-1222x1536.jpg 1222w, https:\/\/brillen-naber.de\/wp-content\/uploads\/2025\/02\/IMG-20250214-WA0016-1630x2048.jpg 1630w, https:\/\/brillen-naber.de\/wp-content\/uploads\/2025\/02\/IMG-20250214-WA0016-scaled.jpg 2037w\" sizes=\"(max-width: 750px) 100vw, 750px\" \/><\/a><\/p>\n","protected":false},"excerpt":{"rendered":"<p>Da die Zahlen der Augenerkrankungen vor allem im Alter zunehmen, stehen wir Ihnen gerne mit einem umfangreichen Sortiment an Lupen, Bildschirmleseger\u00e4ten und anderen vergr\u00f6\u00dfernden Sehhilfen zur Seite, um Ihnen auch bei sehr schwachen Sehleistungen bestm\u00f6gliches Sehen erm\u00f6glichen zu k\u00f6nnen. Bei Interesse machen Sie gerne per Telefon 05631 &#8211; 3171 einen [&hellip;]<\/p>\n","protected":false},"author":2,"featured_media":451,"parent":0,"menu_order":0,"comment_status":"closed","ping_status":"closed","template":"","meta":{"footnotes":""},"class_list":["post-120","page","type-page","status-publish","has-post-thumbnail","hentry"],"_links":{"self":[{"href":"https:\/\/brillen-naber.de\/index.php?rest_route=\/wp\/v2\/pages\/120","targetHints":{"allow":["GET"]}}],"collection":[{"href":"https:\/\/brillen-naber.de\/index.php?rest_route=\/wp\/v2\/pages"}],"about":[{"href":"https:\/\/brillen-naber.de\/index.php?rest_route=\/wp\/v2\/types\/page"}],"author":[{"embeddable":true,"href":"https:\/\/brillen-naber.de\/index.php?rest_route=\/wp\/v2\/users\/2"}],"replies":[{"embeddable":true,"href":"https:\/\/brillen-naber.de\/index.php?rest_route=%2Fwp%2Fv2%2Fcomments&post=120"}],"version-history":[{"count":3,"href":"https:\/\/brillen-naber.de\/index.php?rest_route=\/wp\/v2\/pages\/120\/revisions"}],"predecessor-version":[{"id":657,"href":"https:\/\/brillen-naber.de\/index.php?rest_route=\/wp\/v2\/pages\/120\/revisions\/657"}],"wp:featuredmedia":[{"embeddable":true,"href":"https:\/\/brillen-naber.de\/index.php?rest_route=\/wp\/v2\/media\/451"}],"wp:attachment":[{"href":"https:\/\/brillen-naber.de\/index.php?rest_route=%2Fwp%2Fv2%2Fmedia&parent=120"}],"curies":[{"name":"wp","href":"https:\/\/api.w.org\/{rel}","templated":true}]}}