{"id":118,"date":"2019-10-02T18:42:44","date_gmt":"2019-10-02T16:42:44","guid":{"rendered":"http:\/\/localhost\/wordpress\/?page_id=118"},"modified":"2020-03-31T20:16:00","modified_gmt":"2020-03-31T18:16:00","slug":"filterglaeser-und-spezialbrillen","status":"publish","type":"page","link":"https:\/\/brillen-naber.de\/?page_id=118","title":{"rendered":"Filtergl\u00e4ser und Spezialbrillen"},"content":{"rendered":"<p>Nachtfahren f\u00e4llt vielen Menschen schwer, da sie sich auf Grund schlechten Sehens unsicher f\u00fchlen. Gerne informieren wir Sie \u00fcber Filtergl\u00e4ser, die Sie unterst\u00fctzen und Ihnen bei schweren Bedingungen einen besseren Kontrast und somit ein besseres Sehen und h\u00f6here Sicherheit vermitteln. Auch bei speziellen Krankheitsbildern, bei denen vor allem die Netzhaut im Auge betroffen ist, k\u00f6nnen wir Ihnen mit speziellen Gl\u00e4ser eine eventuell h\u00f6here Sehqualit\u00e4t erm\u00f6glichen.<\/p>\n","protected":false},"excerpt":{"rendered":"<p>Nachtfahren f\u00e4llt vielen Menschen schwer, da sie sich auf Grund schlechten Sehens unsicher f\u00fchlen. Gerne informieren wir Sie \u00fcber Filtergl\u00e4ser, die Sie unterst\u00fctzen und Ihnen bei schweren Bedingungen einen besseren Kontrast und somit ein besseres Sehen und h\u00f6here Sicherheit vermitteln. Auch bei speziellen Krankheitsbildern, bei denen vor allem die Netzhaut [&hellip;]<\/p>\n","protected":false},"author":2,"featured_media":451,"parent":0,"menu_order":0,"comment_status":"closed","ping_status":"closed","template":"","meta":{"footnotes":""},"class_list":["post-118","page","type-page","status-publish","has-post-thumbnail","hentry"],"_links":{"self":[{"href":"https:\/\/brillen-naber.de\/index.php?rest_route=\/wp\/v2\/pages\/118","targetHints":{"allow":["GET"]}}],"collection":[{"href":"https:\/\/brillen-naber.de\/index.php?rest_route=\/wp\/v2\/pages"}],"about":[{"href":"https:\/\/brillen-naber.de\/index.php?rest_route=\/wp\/v2\/types\/page"}],"author":[{"embeddable":true,"href":"https:\/\/brillen-naber.de\/index.php?rest_route=\/wp\/v2\/users\/2"}],"replies":[{"embeddable":true,"href":"https:\/\/brillen-naber.de\/index.php?rest_route=%2Fwp%2Fv2%2Fcomments&post=118"}],"version-history":[{"count":1,"href":"https:\/\/brillen-naber.de\/index.php?rest_route=\/wp\/v2\/pages\/118\/revisions"}],"predecessor-version":[{"id":119,"href":"https:\/\/brillen-naber.de\/index.php?rest_route=\/wp\/v2\/pages\/118\/revisions\/119"}],"wp:featuredmedia":[{"embeddable":true,"href":"https:\/\/brillen-naber.de\/index.php?rest_route=\/wp\/v2\/media\/451"}],"wp:attachment":[{"href":"https:\/\/brillen-naber.de\/index.php?rest_route=%2Fwp%2Fv2%2Fmedia&parent=118"}],"curies":[{"name":"wp","href":"https:\/\/api.w.org\/{rel}","templated":true}]}}