{"id":110,"date":"2019-10-02T18:40:21","date_gmt":"2019-10-02T16:40:21","guid":{"rendered":"http:\/\/localhost\/wordpress\/?page_id=110"},"modified":"2020-03-31T20:15:42","modified_gmt":"2020-03-31T18:15:42","slug":"einstaerkenglaeser","status":"publish","type":"page","link":"https:\/\/brillen-naber.de\/?page_id=110","title":{"rendered":"Einst\u00e4rkengl\u00e4ser"},"content":{"rendered":"<p>Ihre Fern-und Lesebrillen verglasen wir Ihnen gerne mit Kunststoff- und mineralischen Gl\u00e4sern. Diese k\u00f6nnen bei Bedarf mit modernsten Entspiegelungen, Hartlacken und Cleanschichten veredelt werden.<br \/>\nAuch Sport- oder Arbeitsschutzbrillen k\u00f6nnen wir Ihnen mit besonders robusten Polycarbonaten verglasen, um h\u00f6chste Sicherheit zu gew\u00e4hrleisten.<\/p>\n","protected":false},"excerpt":{"rendered":"<p>Ihre Fern-und Lesebrillen verglasen wir Ihnen gerne mit Kunststoff- und mineralischen Gl\u00e4sern. Diese k\u00f6nnen bei Bedarf mit modernsten Entspiegelungen, Hartlacken und Cleanschichten veredelt werden. Auch Sport- oder Arbeitsschutzbrillen k\u00f6nnen wir Ihnen mit besonders robusten Polycarbonaten verglasen, um h\u00f6chste Sicherheit zu gew\u00e4hrleisten.<\/p>\n","protected":false},"author":2,"featured_media":451,"parent":0,"menu_order":0,"comment_status":"closed","ping_status":"closed","template":"","meta":{"footnotes":""},"class_list":["post-110","page","type-page","status-publish","has-post-thumbnail","hentry"],"_links":{"self":[{"href":"https:\/\/brillen-naber.de\/index.php?rest_route=\/wp\/v2\/pages\/110","targetHints":{"allow":["GET"]}}],"collection":[{"href":"https:\/\/brillen-naber.de\/index.php?rest_route=\/wp\/v2\/pages"}],"about":[{"href":"https:\/\/brillen-naber.de\/index.php?rest_route=\/wp\/v2\/types\/page"}],"author":[{"embeddable":true,"href":"https:\/\/brillen-naber.de\/index.php?rest_route=\/wp\/v2\/users\/2"}],"replies":[{"embeddable":true,"href":"https:\/\/brillen-naber.de\/index.php?rest_route=%2Fwp%2Fv2%2Fcomments&post=110"}],"version-history":[{"count":1,"href":"https:\/\/brillen-naber.de\/index.php?rest_route=\/wp\/v2\/pages\/110\/revisions"}],"predecessor-version":[{"id":111,"href":"https:\/\/brillen-naber.de\/index.php?rest_route=\/wp\/v2\/pages\/110\/revisions\/111"}],"wp:featuredmedia":[{"embeddable":true,"href":"https:\/\/brillen-naber.de\/index.php?rest_route=\/wp\/v2\/media\/451"}],"wp:attachment":[{"href":"https:\/\/brillen-naber.de\/index.php?rest_route=%2Fwp%2Fv2%2Fmedia&parent=110"}],"curies":[{"name":"wp","href":"https:\/\/api.w.org\/{rel}","templated":true}]}}