{"id":108,"date":"2019-10-02T18:39:38","date_gmt":"2019-10-02T16:39:38","guid":{"rendered":"http:\/\/localhost\/wordpress\/?page_id=108"},"modified":"2020-03-31T20:15:17","modified_gmt":"2020-03-31T18:15:17","slug":"brillenglaeser","status":"publish","type":"page","link":"https:\/\/brillen-naber.de\/?page_id=108","title":{"rendered":"Brillengl\u00e4ser"},"content":{"rendered":"<p>Unsere Brillengl\u00e4ser beziehen wir von namhaften Unternehmen, die weltweit arbeiten und beliefern. Wir versuchen, Ihnen mit der Auswahl unserer Gl\u00e4ser immer eine bestm\u00f6gliche Qualit\u00e4t und einen m\u00f6glichst hohen Sehkomfort zu bieten.<\/p>\n","protected":false},"excerpt":{"rendered":"<p>Unsere Brillengl\u00e4ser beziehen wir von namhaften Unternehmen, die weltweit arbeiten und beliefern. Wir versuchen, Ihnen mit der Auswahl unserer Gl\u00e4ser immer eine bestm\u00f6gliche Qualit\u00e4t und einen m\u00f6glichst hohen Sehkomfort zu bieten.<\/p>\n","protected":false},"author":2,"featured_media":451,"parent":0,"menu_order":0,"comment_status":"closed","ping_status":"closed","template":"","meta":{"footnotes":""},"class_list":["post-108","page","type-page","status-publish","has-post-thumbnail","hentry"],"_links":{"self":[{"href":"https:\/\/brillen-naber.de\/index.php?rest_route=\/wp\/v2\/pages\/108","targetHints":{"allow":["GET"]}}],"collection":[{"href":"https:\/\/brillen-naber.de\/index.php?rest_route=\/wp\/v2\/pages"}],"about":[{"href":"https:\/\/brillen-naber.de\/index.php?rest_route=\/wp\/v2\/types\/page"}],"author":[{"embeddable":true,"href":"https:\/\/brillen-naber.de\/index.php?rest_route=\/wp\/v2\/users\/2"}],"replies":[{"embeddable":true,"href":"https:\/\/brillen-naber.de\/index.php?rest_route=%2Fwp%2Fv2%2Fcomments&post=108"}],"version-history":[{"count":1,"href":"https:\/\/brillen-naber.de\/index.php?rest_route=\/wp\/v2\/pages\/108\/revisions"}],"predecessor-version":[{"id":109,"href":"https:\/\/brillen-naber.de\/index.php?rest_route=\/wp\/v2\/pages\/108\/revisions\/109"}],"wp:featuredmedia":[{"embeddable":true,"href":"https:\/\/brillen-naber.de\/index.php?rest_route=\/wp\/v2\/media\/451"}],"wp:attachment":[{"href":"https:\/\/brillen-naber.de\/index.php?rest_route=%2Fwp%2Fv2%2Fmedia&parent=108"}],"curies":[{"name":"wp","href":"https:\/\/api.w.org\/{rel}","templated":true}]}}